{"id":20,"date":"2023-04-11T03:05:00","date_gmt":"2023-04-11T03:05:00","guid":{"rendered":"https:\/\/themeholy.com\/wordpress\/logistik\/?page_id=20"},"modified":"2024-06-12T09:08:55","modified_gmt":"2024-06-12T07:08:55","slug":"gordan-smoljan","status":"publish","type":"page","link":"https:\/\/gssped.com\/en\/gordan-smoljan\/","title":{"rendered":"Gordan Smoljan"},"content":{"rendered":"<div data-elementor-type=\"wp-page\" data-elementor-id=\"20\" class=\"elementor elementor-20\" data-elementor-post-type=\"page\">\n\t\t\t\t\t\t<section class=\"elementor-section elementor-top-section elementor-element elementor-element-b5b109c elementor-section-boxed elementor-section-height-default elementor-section-height-default\" data-id=\"b5b109c\" data-element_type=\"section\" data-e-type=\"section\">\n\t\t\t\t\t\t<div class=\"elementor-container elementor-column-gap-no\">\n\t\t\t\t\t<div class=\"elementor-column elementor-col-50 elementor-top-column elementor-element elementor-element-37065ec\" data-id=\"37065ec\" data-element_type=\"column\" data-e-type=\"column\">\n\t\t\t<div class=\"elementor-widget-wrap elementor-element-populated\">\n\t\t\t\t\t\t<div class=\"elementor-element elementor-element-53227bb elementor-widget elementor-widget-image\" data-id=\"53227bb\" data-element_type=\"widget\" data-e-type=\"widget\" data-widget_type=\"image.default\">\n\t\t\t\t<div class=\"elementor-widget-container\">\n\t\t\t\t\t\t\t\t\t\t\t\t\t\t\t<img fetchpriority=\"high\" decoding=\"async\" width=\"600\" height=\"600\" src=\"https:\/\/gssped.com\/wp-content\/uploads\/2024\/05\/use-square-600x600-1-1.png\" class=\"attachment-medium_large size-medium_large wp-image-3100\" alt=\"\" srcset=\"https:\/\/gssped.com\/wp-content\/uploads\/2024\/05\/use-square-600x600-1-1.png 600w, https:\/\/gssped.com\/wp-content\/uploads\/2024\/05\/use-square-600x600-1-1-300x300.png 300w, https:\/\/gssped.com\/wp-content\/uploads\/2024\/05\/use-square-600x600-1-1-150x150.png 150w, https:\/\/gssped.com\/wp-content\/uploads\/2024\/05\/use-square-600x600-1-1-80x80.png 80w, https:\/\/gssped.com\/wp-content\/uploads\/2024\/05\/use-square-600x600-1-1-12x12.png 12w, https:\/\/gssped.com\/wp-content\/uploads\/2024\/05\/use-square-600x600-1-1-100x100.png 100w, https:\/\/gssped.com\/wp-content\/uploads\/2024\/05\/use-square-600x600-1-1-460x460.png 460w\" sizes=\"(max-width: 600px) 100vw, 600px\" \/>\t\t\t\t\t\t\t\t\t\t\t\t\t\t\t<\/div>\n\t\t\t\t<\/div>\n\t\t\t\t\t<\/div>\n\t\t<\/div>\n\t\t\t\t<div class=\"elementor-column elementor-col-50 elementor-top-column elementor-element elementor-element-b925207\" data-id=\"b925207\" data-element_type=\"column\" data-e-type=\"column\">\n\t\t\t<div class=\"elementor-widget-wrap elementor-element-populated\">\n\t\t\t\t\r\n\t\t<div class=\"elementor-element elementor-element-e6b8859 elementor-widget elementor-widget-logistikteaminfo\" data-id=\"e6b8859\" data-element_type=\"widget\" data-e-type=\"widget\" data-widget_type=\"logistikteaminfo.default\">\n\t\t\t\t<div class=\"elementor-widget-container\">\n\t\t\t\t\t    \t\t\t<div class=\"about-card\">\r\n\t\t\t<div class=\"about-card_wrapp\">\r\n\t\t\t\t<div class=\"about-card_content\">\r\n\t\t\t\t\t<h5 class=\"about-card_title\">Gordan Smoljan<\/h5>\r\n\t\t\t\t\t<span class=\"about-card_desig\">Director<\/span>\r\n\t\t\t\t<\/div>\r\n\t\t\t\t<div class=\"themeholy-social team-social\">\r\n\t\t\t\t\t\r\n\t\t\t\t\t\r\n\t\t\t\t\t\r\n\t\t\t\t\t\t\t\t\t<\/div>\r\n\t\t\t<\/div>\r\n\t\t\t<p class=\"about-card_text\"><\/p>\r\n\t\t\t<div class=\"about-card_box\">\r\n\t\t\t\t<div class=\"info-box_wrapper\">\r\n\t\t\t\t\t<div class=\"info-box\">\r\n\t\t\t\t\t\t<div class=\"info-box_icon\">\r\n\t\t\t\t\t\t\t<i>\r\n\t\t\t\t\t\t\t\t<img decoding=\"async\" src=\"https:\/\/themeholy.com\/wordpress\/logistik\/wp-content\/uploads\/2023\/04\/phone-call.svg\" alt=\"phone call\"  \/>\t\t\t\t\t\t\t<\/i>\r\n\t\t\t\t\t\t<\/div>\r\n\t\t\t\t\t\t<div class=\"media-body\">\r\n\t\t\t\t\t\t\t<h4 class=\"info-box_title\">Phone :<\/h4>\r\n\t\t\t\t\t\t\t<a class=\"info-box_link\" href=\"tel: 38763312150\">+387 63 312 150<\/a>\r\n\t\t\t\t\t\t<\/div>\r\n\t\t\t\t\t<\/div>\r\n\t\t\t\t\t<div class=\"info-box\">\r\n\t\t\t\t\t\t<div class=\"info-box_icon\">\r\n\t\t\t\t\t\t\t<i>\r\n\t\t\t\t\t\t\t\t<img decoding=\"async\" src=\"https:\/\/themeholy.com\/wordpress\/logistik\/wp-content\/uploads\/2023\/04\/email_2.svg\" alt=\"email_2\"  \/>\t\t\t\t\t\t\t<\/i>\r\n\t\t\t\t\t\t<\/div>\r\n\t\t\t\t\t\t<div class=\"media-body\">\r\n\t\t\t\t\t\t\t<h4 class=\"info-box_title\">Email adresa :<\/h4>\r\n\t\t\t\t\t\t\t<a class=\"info-box_link\" href=\"mailto:gordan.smoljan@gssped.com\">gordan.smoljan@gssped.com<\/a>\r\n\t\t\t\t\t\t<\/div>\r\n\t\t\t\t\t<\/div>\r\n\t\t\t\t\t<div class=\"info-box\">\r\n\t\t\t\t\t\t<div class=\"info-box_icon\">\r\n\t\t\t\t\t\t\t<i>\r\n\t\t\t\t\t\t\t\t<img decoding=\"async\" src=\"https:\/\/themeholy.com\/wordpress\/logistik\/wp-content\/uploads\/2023\/04\/location_3.svg\" alt=\"location_3\"  \/>\t\t\t\t\t\t\t<\/i>\r\n\t\t\t\t\t\t<\/div>\r\n\t\t\t\t\t\t<div class=\"media-body\">\r\n\t\t\t\t\t\t\t<h4 class=\"info-box_title\">Sjedi\u0161te tvrtke: :<\/h4>\r\n\t\t\t\t\t\t\t<span class=\"info-box_text\">GS \u0161ped d.o.o  Franjeva\u010dka 58 A  Tel:+387 36 842 753 <\/span>\r\n\t\t\t\t\t\t<\/div>\r\n\t\t\t\t\t<\/div>\r\n\t\t\t\t\t<div class=\"info-box\">\r\n\t\t\t\t\t\t<div class=\"info-box_icon\">\r\n\t\t\t\t\t\t\t<i>\r\n\t\t\t\t\t\t\t\t<img decoding=\"async\" src=\"https:\/\/themeholy.com\/wordpress\/logistik\/wp-content\/uploads\/2023\/04\/clock.svg\" alt=\"clock\"  \/>\t\t\t\t\t\t\t<\/i>\r\n\t\t\t\t\t\t<\/div>\r\n\t\t\t\t\t\t<div class=\"media-body\">\r\n\t\t\t\t\t\t\t<h4 class=\"info-box_title\">Radno vrijeme :<\/h4>\r\n\t\t\t\t\t\t\t<span class=\"info-box_text\">Pon-Pet: 09:00 - 16:00 Subotom: 09:13 h<\/span>\r\n\t\t\t\t\t\t<\/div>\r\n\t\t\t\t\t<\/div>\r\n\t\t\t\t<\/div>\r\n\t\t\t<\/div>\r\n\t\t<\/div>\r\n\r\n    \t\t\t\t\t<\/div>\n\t\t\t\t<\/div>\n\t\t\t\t\t<\/div>\n\t\t<\/div>\n\t\t\t\t\t<\/div>\n\t\t<\/section>\n\t\t\t\t<\/div>","protected":false},"excerpt":{"rendered":"<p>Gordan Smoljan Direktor Telefon : +387 63 312 150 Email adresa : gordan.smoljan@gssped.com Sjedi\u0161te tvrtke: : GS \u0161ped d.o.o Franjeva\u010dka 58 A Tel:+387 36 842 753 Radno vrijeme : Pon-Pet: 09:00 &#8211; 16:00 Subotom: 09:13 h<\/p>","protected":false},"author":2,"featured_media":0,"parent":0,"menu_order":0,"comment_status":"closed","ping_status":"closed","template":"template-builder.php","meta":{"footnotes":""},"class_list":["post-20","page","type-page","status-publish","hentry"],"_links":{"self":[{"href":"https:\/\/gssped.com\/en\/wp-json\/wp\/v2\/pages\/20","targetHints":{"allow":["GET"]}}],"collection":[{"href":"https:\/\/gssped.com\/en\/wp-json\/wp\/v2\/pages"}],"about":[{"href":"https:\/\/gssped.com\/en\/wp-json\/wp\/v2\/types\/page"}],"author":[{"embeddable":true,"href":"https:\/\/gssped.com\/en\/wp-json\/wp\/v2\/users\/2"}],"replies":[{"embeddable":true,"href":"https:\/\/gssped.com\/en\/wp-json\/wp\/v2\/comments?post=20"}],"version-history":[{"count":22,"href":"https:\/\/gssped.com\/en\/wp-json\/wp\/v2\/pages\/20\/revisions"}],"predecessor-version":[{"id":3393,"href":"https:\/\/gssped.com\/en\/wp-json\/wp\/v2\/pages\/20\/revisions\/3393"}],"wp:attachment":[{"href":"https:\/\/gssped.com\/en\/wp-json\/wp\/v2\/media?parent=20"}],"curies":[{"name":"wp","href":"https:\/\/api.w.org\/{rel}","templated":true}]}}