{"id":2093,"date":"2023-04-11T02:59:16","date_gmt":"2023-04-11T02:59:16","guid":{"rendered":"https:\/\/themeholy.com\/wordpress\/logistik\/?page_id=16"},"modified":"2025-10-23T06:48:44","modified_gmt":"2025-10-23T04:48:44","slug":"o-nama","status":"publish","type":"page","link":"https:\/\/gssped.com\/en\/o-nama\/","title":{"rendered":"About us"},"content":{"rendered":"<div data-elementor-type=\"wp-page\" data-elementor-id=\"2093\" class=\"elementor elementor-2093\" data-elementor-post-type=\"page\">\n\t\t\t\t\t\t<section class=\"elementor-section elementor-top-section elementor-element elementor-element-7162b08 elementor-section-height-min-height elementor-section-items-top elementor-section-boxed elementor-section-height-default\" data-id=\"7162b08\" data-element_type=\"section\" data-e-type=\"section\">\n\t\t\t\t\t\t<div class=\"elementor-container elementor-column-gap-no\">\n\t\t\t\t\t<div class=\"elementor-column elementor-col-50 elementor-top-column elementor-element elementor-element-b052925\" data-id=\"b052925\" data-element_type=\"column\" data-e-type=\"column\">\n\t\t\t<div class=\"elementor-widget-wrap elementor-element-populated\">\n\t\t\t\t\r\n\t\t<div class=\"elementor-element elementor-element-ea63b79 elementor-widget elementor-widget-logistiksectiontitle\" data-id=\"ea63b79\" data-element_type=\"widget\" data-e-type=\"widget\" data-widget_type=\"logistiksectiontitle.default\">\n\t\t\t\t<div class=\"elementor-widget-container\">\n\t\t\t\t\t\t\t<div class=\"title-area\">\r\n\t\t\t\t \t\t\t<span class=\"sub-title th-sub\">\r\n\t\t\t\t\t<img decoding=\"async\" src=\"https:\/\/gssped.com\/wp-content\/uploads\/2023\/04\/title_left.svg\" alt=\"title_left\"  \/>ABOUT US\r\n\t \t\t\t<\/span>\r\n \t\t\t\t\t\t\r\n\t\t\t<h2 class=\"sec-title th-title\">It has been providing transportation services since 1996<\/h2>\t\t<\/div>\r\n\r\n\t\t\t\t\t<\/div>\n\t\t\t\t<\/div>\n\t\t\t\t<div class=\"elementor-element elementor-element-35aec3a elementor-widget elementor-widget-image\" data-id=\"35aec3a\" data-element_type=\"widget\" data-e-type=\"widget\" data-widget_type=\"image.default\">\n\t\t\t\t<div class=\"elementor-widget-container\">\n\t\t\t\t\t\t\t\t\t\t\t\t\t\t\t<img fetchpriority=\"high\" decoding=\"async\" width=\"580\" height=\"600\" src=\"https:\/\/gssped.com\/wp-content\/uploads\/2024\/05\/o-gssped-u.webp\" class=\"attachment-full size-full wp-image-2904\" alt=\"\" srcset=\"https:\/\/gssped.com\/wp-content\/uploads\/2024\/05\/o-gssped-u.webp 580w, https:\/\/gssped.com\/wp-content\/uploads\/2024\/05\/o-gssped-u-290x300.webp 290w\" sizes=\"(max-width: 580px) 100vw, 580px\" \/>\t\t\t\t\t\t\t\t\t\t\t\t\t\t\t<\/div>\n\t\t\t\t<\/div>\n\t\t\t\t\t<\/div>\n\t\t<\/div>\n\t\t\t\t<div class=\"elementor-column elementor-col-50 elementor-top-column elementor-element elementor-element-cafe5cf\" data-id=\"cafe5cf\" data-element_type=\"column\" data-e-type=\"column\">\n\t\t\t<div class=\"elementor-widget-wrap elementor-element-populated\">\n\t\t\t\t\t\t<div class=\"elementor-element elementor-element-787ba2c elementor-widget elementor-widget-text-editor\" data-id=\"787ba2c\" data-element_type=\"widget\" data-e-type=\"widget\" data-widget_type=\"text-editor.default\">\n\t\t\t\t<div class=\"elementor-widget-container\">\n\t\t\t\t\t\t\t\t\t<p>GS sped d.o.o. is a family business founded in 1996 in Mostar.<\/p><p>The company deals with complete logistics and organization of transport, import and export of goods, as well as domestic transport. We provide our clients with reliable and high-quality goods transportation services in accordance with the highest European standards and norms.<\/p><p>Internal transport of goods (within the territory of Bosnia and Herzegovina) participates in the total business with a very small percentage, while international transport (transport outside the territory of Bosnia and Herzegovina) participates with more than 90% in the company's business.<\/p><p>The success of the business, the equipment of the fleet, the experience and expertise of the employees, enable us to approach each client individually in accordance with his needs.<\/p><p>GS sped currently has 25 employees, of which 18 are qualified and professional drivers<\/p><p>Our company, all our vehicles and drivers are duly licensed by the Ministry of Transport and Communications, both for internal and external transport.<\/p><p>On a weekly basis, we transport to Croatia, Slovenia, Italy, Hungary, Romania, Serbia, Montenegro and Albania.<\/p>\t\t\t\t\t\t\t\t<\/div>\n\t\t\t\t<\/div>\n\t\t\t\t\t<\/div>\n\t\t<\/div>\n\t\t\t\t\t<\/div>\n\t\t<\/section>\n\t\t<div class=\"elementor-element elementor-element-6bec409 e-flex e-con-boxed e-con e-parent\" data-id=\"6bec409\" data-element_type=\"container\" data-e-type=\"container\">\n\t\t\t\t\t<div class=\"e-con-inner\">\n\t\t\t\t<div class=\"elementor-element elementor-element-cc885b4 elementor-widget-divider--view-line elementor-widget elementor-widget-divider\" data-id=\"cc885b4\" data-element_type=\"widget\" data-e-type=\"widget\" data-widget_type=\"divider.default\">\n\t\t\t\t<div class=\"elementor-widget-container\">\n\t\t\t\t\t\t\t<div class=\"elementor-divider\">\n\t\t\t<span class=\"elementor-divider-separator\">\n\t\t\t\t\t\t<\/span>\n\t\t<\/div>\n\t\t\t\t\t\t<\/div>\n\t\t\t\t<\/div>\n\t\t\t\t<div class=\"elementor-element elementor-element-577922c elementor-headline--style-highlight elementor-widget elementor-widget-animated-headline\" data-id=\"577922c\" data-element_type=\"widget\" data-e-type=\"widget\" data-settings=\"{&quot;highlighted_text&quot;:&quot;GS SPED-a&quot;,&quot;headline_style&quot;:&quot;highlight&quot;,&quot;marker&quot;:&quot;circle&quot;,&quot;loop&quot;:&quot;yes&quot;,&quot;highlight_animation_duration&quot;:1200,&quot;highlight_iteration_delay&quot;:8000}\" data-widget_type=\"animated-headline.default\">\n\t\t\t\t<div class=\"elementor-widget-container\">\n\t\t\t\t\t\t\t<h3 class=\"elementor-headline\">\n\t\t\t\t\t<span class=\"elementor-headline-plain-text elementor-headline-text-wrapper\">Mission<\/span>\n\t\t\t\t<span class=\"elementor-headline-dynamic-wrapper elementor-headline-text-wrapper\">\n\t\t\t\t\t<span class=\"elementor-headline-dynamic-text elementor-headline-text-active\">GS SPED-a<\/span>\n\t\t\t\t<\/span>\n\t\t\t\t<\/h3>\n\t\t\t\t\t\t<\/div>\n\t\t\t\t<\/div>\n\t\t\t\t<div class=\"elementor-element elementor-element-2c62b0f elementor-widget elementor-widget-text-editor\" data-id=\"2c62b0f\" data-element_type=\"widget\" data-e-type=\"widget\" data-widget_type=\"text-editor.default\">\n\t\t\t\t<div class=\"elementor-widget-container\">\n\t\t\t\t\t\t\t\t\t<p>The company's mission is to provide efficient, affordable, flexible and sustainable transportation services on the domestic and foreign markets, with the vision of creating long-term relationships with clients who will recognize our service as the highest quality and most reliable.<\/p>\t\t\t\t\t\t\t\t<\/div>\n\t\t\t\t<\/div>\n\t\t\t\t\t<\/div>\n\t\t\t\t<\/div>\n\t\t\t\t<section class=\"elementor-section elementor-top-section elementor-element elementor-element-1d9485d elementor-section-boxed elementor-section-height-default elementor-section-height-default\" data-id=\"1d9485d\" data-element_type=\"section\" data-e-type=\"section\" data-settings=\"{&quot;background_background&quot;:&quot;classic&quot;}\">\n\t\t\t\t\t\t<div class=\"elementor-container elementor-column-gap-no\">\n\t\t\t\t\t<div class=\"elementor-column elementor-col-100 elementor-top-column elementor-element elementor-element-dd32aa6\" data-id=\"dd32aa6\" data-element_type=\"column\" data-e-type=\"column\">\n\t\t\t<div class=\"elementor-widget-wrap elementor-element-populated\">\n\t\t\t\t\t\t<div class=\"elementor-element elementor-element-0334138 elementor-widget elementor-widget-logistiksectiontitle\" data-id=\"0334138\" data-element_type=\"widget\" data-e-type=\"widget\" data-widget_type=\"logistiksectiontitle.default\">\n\t\t\t\t<div class=\"elementor-widget-container\">\n\t\t\t\t\t\t\t<div class=\"title-area\">\r\n\t\t\t\t \t\t\t<span class=\"sub-title th-sub\">\r\n\t\t\t\t\t<img decoding=\"async\" src=\"https:\/\/gssped.com\/wp-content\/uploads\/2023\/04\/title_left.svg\" alt=\"title_left\"  \/>ADVANCED FEATURES\r\n\t \t\t\t<\/span>\r\n \t\t\t\t\t\t\r\n\t\t\t<h2 class=\"sec-title th-title\">Advantages of our services<\/h2>\t\t<\/div>\r\n\r\n\t\t\t\t\t<\/div>\n\t\t\t\t<\/div>\n\t\t\t\t<div class=\"elementor-element elementor-element-c40baa3 elementor-widget elementor-widget-logistikservice\" data-id=\"c40baa3\" data-element_type=\"widget\" data-e-type=\"widget\" data-widget_type=\"logistikservice.default\">\n\t\t\t\t<div class=\"elementor-widget-container\">\n\t\t\t\t\t\r\n        \t\t\t<div class=\"feature-grid-wrap\">\r\n\t\t\t\t                <div class=\"feature-grid th-wrap\">\r\n                    <div class=\"feature-grid_icon\">\r\n\t\t\t\t\t\t<img decoding=\"async\" src=\"https:\/\/gssped.com\/wp-content\/uploads\/2023\/04\/feature_2_1.svg\" alt=\"feature_2_1\"  \/>                    <\/div>\r\n                    <div>\r\n                        <h3 class=\"feature-grid_title th-title\">Quick and easy<\/h3>\r\n                        <p class=\"feature-grid_text th-desc\">Fill out the form and receive offers by email. No stress and no phone calls.<\/p>\r\n                    <\/div>\r\n                <\/div>\r\n\t\t\t\t                <div class=\"feature-grid th-wrap\">\r\n                    <div class=\"feature-grid_icon\">\r\n\t\t\t\t\t\t<img decoding=\"async\" src=\"https:\/\/gssped.com\/wp-content\/uploads\/2023\/04\/feature_2_3.svg\" alt=\"feature_2_3\"  \/>                    <\/div>\r\n                    <div>\r\n                        <h3 class=\"feature-grid_title th-title\">Transportation tracking<\/h3>\r\n                        <p class=\"feature-grid_text th-desc\">At any time, we provide you with information about the location of the transport that is in progress.<\/p>\r\n                    <\/div>\r\n                <\/div>\r\n\t\t\t\t                <div class=\"feature-grid th-wrap\">\r\n                    <div class=\"feature-grid_icon\">\r\n\t\t\t\t\t\t<img decoding=\"async\" src=\"https:\/\/gssped.com\/wp-content\/uploads\/2023\/04\/feature_2_4.svg\" alt=\"feature_2_4\"  \/>                    <\/div>\r\n                    <div>\r\n                        <h3 class=\"feature-grid_title th-title\">24\/7 customer support<\/h3>\r\n                        <p class=\"feature-grid_text th-desc\">You need help? Write us an e-mail or call us. We are here to help you.<\/p>\r\n                    <\/div>\r\n                <\/div>\r\n\t\t\t\t            <\/div>\r\n\r\n\t\t\t\t\t\t<\/div>\n\t\t\t\t<\/div>\n\t\t\t\t\t<\/div>\n\t\t<\/div>\n\t\t\t\t\t<\/div>\n\t\t<\/section>\n\t\t\t\t<section class=\"elementor-section elementor-top-section elementor-element elementor-element-dcda46b elementor-section-full_width elementor-section-height-default elementor-section-height-default\" data-id=\"dcda46b\" data-element_type=\"section\" data-e-type=\"section\">\n\t\t\t\t\t\t<div class=\"elementor-container elementor-column-gap-no\">\n\t\t\t\t\t<div class=\"elementor-column elementor-col-100 elementor-top-column elementor-element elementor-element-f70d883\" data-id=\"f70d883\" data-element_type=\"column\" data-e-type=\"column\">\n\t\t\t<div class=\"elementor-widget-wrap elementor-element-populated\">\n\t\t\t\t\t\t<div class=\"elementor-element elementor-element-007835a elementor-widget elementor-widget-image\" data-id=\"007835a\" data-element_type=\"widget\" data-e-type=\"widget\" data-widget_type=\"image.default\">\n\t\t\t\t<div class=\"elementor-widget-container\">\n\t\t\t\t\t\t\t\t\t\t\t\t\t\t\t<img decoding=\"async\" width=\"1920\" height=\"512\" src=\"https:\/\/gssped.com\/wp-content\/uploads\/2024\/05\/spedition-gssped.webp\" class=\"attachment-full size-full wp-image-2941\" alt=\"\" srcset=\"https:\/\/gssped.com\/wp-content\/uploads\/2024\/05\/spedition-gssped.webp 1920w, https:\/\/gssped.com\/wp-content\/uploads\/2024\/05\/spedition-gssped-300x80.webp 300w, https:\/\/gssped.com\/wp-content\/uploads\/2024\/05\/spedition-gssped-1024x273.webp 1024w, https:\/\/gssped.com\/wp-content\/uploads\/2024\/05\/spedition-gssped-768x205.webp 768w, https:\/\/gssped.com\/wp-content\/uploads\/2024\/05\/spedition-gssped-1536x410.webp 1536w, https:\/\/gssped.com\/wp-content\/uploads\/2024\/05\/spedition-gssped-600x160.webp 600w\" sizes=\"(max-width: 1920px) 100vw, 1920px\" \/>\t\t\t\t\t\t\t\t\t\t\t\t\t\t\t<\/div>\n\t\t\t\t<\/div>\n\t\t\t\t\t<\/div>\n\t\t<\/div>\n\t\t\t\t\t<\/div>\n\t\t<\/section>\n\t\t\t\t<section class=\"elementor-section elementor-top-section elementor-element elementor-element-d2ff8e7 elementor-section-boxed elementor-section-height-default elementor-section-height-default\" data-id=\"d2ff8e7\" data-element_type=\"section\" data-e-type=\"section\">\n\t\t\t\t\t\t<div class=\"elementor-container elementor-column-gap-no\">\n\t\t\t\t\t<div class=\"elementor-column elementor-col-50 elementor-top-column elementor-element elementor-element-75b7e2d\" data-id=\"75b7e2d\" data-element_type=\"column\" data-e-type=\"column\">\n\t\t\t<div class=\"elementor-widget-wrap elementor-element-populated\">\n\t\t\t\t\t\t<div class=\"elementor-element elementor-element-9fe4347 elementor-widget elementor-widget-logistikcontactform\" data-id=\"9fe4347\" data-element_type=\"widget\" data-e-type=\"widget\" data-widget_type=\"logistikcontactform.default\">\n\t\t\t\t<div class=\"elementor-widget-container\">\n\t\t\t\t\t\t\t\t\t\t<div class=\"service-form-wrap\">\r\n\t\t\t\t<div class=\"service-form  th-bg ajax-contact\">\r\n\t\t\t\t\t<h3 class=\"fs-24 mb-30 mt-n1 text-white th-title\">Request our services<\/h3>\r\n\t\t\t\t\t\n<div class=\"wpcf7 no-js\" id=\"wpcf7-f1099-o1\" lang=\"en-US\" dir=\"ltr\" data-wpcf7-id=\"1099\">\n<div class=\"screen-reader-response\"><p role=\"status\" aria-live=\"polite\" aria-atomic=\"true\"><\/p> <ul><\/ul><\/div>\n<form action=\"\/en\/wp-json\/wp\/v2\/pages\/2093#wpcf7-f1099-o1\" method=\"post\" class=\"wpcf7-form init\" aria-label=\"Contact form\" novalidate=\"novalidate\" data-status=\"init\" data-trp-original-action=\"\/en\/wp-json\/wp\/v2\/pages\/2093#wpcf7-f1099-o1\">\n<fieldset class=\"hidden-fields-container\"><input type=\"hidden\" name=\"_wpcf7\" value=\"1099\" \/><input type=\"hidden\" name=\"_wpcf7_version\" value=\"6.1.5\" \/><input type=\"hidden\" name=\"_wpcf7_locale\" value=\"en_US\" \/><input type=\"hidden\" name=\"_wpcf7_unit_tag\" value=\"wpcf7-f1099-o1\" \/><input type=\"hidden\" name=\"_wpcf7_container_post\" value=\"0\" \/><input type=\"hidden\" name=\"_wpcf7_posted_data_hash\" value=\"\" \/>\n<\/fieldset>\n<div class=\"row\">\n\t<div class=\"form-group col-12\">\n<span class=\"wpcf7-form-control-wrap\" data-name=\"name21\"><input size=\"40\" maxlength=\"400\" class=\"wpcf7-form-control wpcf7-text form-control\" id=\"name21\" aria-invalid=\"false\" placeholder=\"Your Name\" value=\"\" type=\"text\" name=\"name21\" \/><\/span>\n<i class=\"fal fa-user\"><\/i>\n\t<\/div>\n\t<div class=\"form-group col-12\">\n<span class=\"wpcf7-form-control-wrap\" data-name=\"email21\"><input size=\"40\" maxlength=\"400\" class=\"wpcf7-form-control wpcf7-email wpcf7-text wpcf7-validates-as-email form-control\" id=\"email21\" aria-invalid=\"false\" placeholder=\"Email address\" value=\"\" type=\"email\" name=\"email21\" \/><\/span>\n<i class=\"fal fa-envelope\"><\/i>\n\t<\/div>\n\t<div class=\"form-group col-12\">\n<span class=\"wpcf7-form-control-wrap\" data-name=\"weight21\"><input size=\"40\" maxlength=\"400\" class=\"wpcf7-form-control wpcf7-text form-control\" id=\"weight21\" aria-invalid=\"false\" placeholder=\"Weight, Kg\" value=\"\" type=\"text\" name=\"weight21\" \/><\/span>\n<i class=\"fa-light fa-weight-scale\"><\/i>\n\t<\/div>\n\t<div class=\"form-group col-12\">\n<span class=\"wpcf7-form-control-wrap\" data-name=\"distance21\"><input size=\"40\" maxlength=\"400\" class=\"wpcf7-form-control wpcf7-text form-control\" id=\"distance21\" aria-invalid=\"false\" placeholder=\"Distance, Km\" value=\"\" type=\"text\" name=\"distance21\" \/><\/span>\n<i class=\"fa-sharp fa-regular fa-location-dot\"><\/i>\n\t<\/div>\n\t<div class=\"form-group col-12\">\n<span class=\"wpcf7-form-control-wrap\" data-name=\"menu-27\"><select class=\"wpcf7-form-control wpcf7-select form-select nice-select\" id=\"menu-27\" aria-invalid=\"false\" name=\"menu-27\"><option value=\"Odaberite prevoz\">Choose a transport<\/option><option value=\"Cestovni\">Cestovni<\/option><option value=\"Prekookeanski\">Prekookeanski<\/option><option value=\"Zra\u010dni\">Zra\u010dni<\/option><option value=\"\u017deljeznicom\">\u017deljeznicom<\/option><\/select><\/span>\n\t<\/div>\n\t<div class=\"btn-group justify-content-center\">\n\t\t<button class=\"themeholy-btn th-btn blue-btn2 btn-fw justify-content-center wpcf7\">Free Quote!<span class=\"icon\"><i class=\"fa-sharp fa-regular fa-paper-plane\"><\/i><\/span><\/button>\n\t<\/div>\n<\/div>\n<p class=\"form-messages mb-0 mt-3\"><\/p><div class=\"wpcf7-response-output\" aria-hidden=\"true\"><\/div>\n<input type=\"hidden\" name=\"trp-form-language\" value=\"en\"\/><\/form>\n<\/div>\n\t\t\t\t<\/div>\r\n\t\t\t<\/div>\r\n\t    \t \r\n\t    \t\t\t\t<\/div>\n\t\t\t\t<\/div>\n\t\t\t\t\t<\/div>\n\t\t<\/div>\n\t\t\t\t<div class=\"elementor-column elementor-col-50 elementor-top-column elementor-element elementor-element-1bdd55e\" data-id=\"1bdd55e\" data-element_type=\"column\" data-e-type=\"column\" data-settings=\"{&quot;background_background&quot;:&quot;classic&quot;}\">\n\t\t\t<div class=\"elementor-widget-wrap elementor-element-populated\">\n\t\t\t\t\t\t<div class=\"elementor-element elementor-element-89bb561 elementor-widget elementor-widget-logistikfaq\" data-id=\"89bb561\" data-element_type=\"widget\" data-e-type=\"widget\" data-widget_type=\"logistikfaq.default\">\n\t\t\t\t<div class=\"elementor-widget-container\">\n\t\t\t\t\t\t\t\r\n\t\t\t<div class=\"accordion-area accordion\" id=\"faqAccordion1\">\r\n\t\t\t\t\t\t\t\t<div class=\"accordion-card\">\r\n\t\t\t\t\t\t\t\t\t\t<div class=\"accordion-header\" id=\"collapse-item-69e229d94ba4b\">\r\n\t\t\t\t\t\t<button class=\"accordion-button\" type=\"button\" data-bs-toggle=\"collapse\"\r\n\t\t\t\t\t\t\tdata-bs-target=\"#collapse-69e229d94ba4b\" aria-expanded=\"true\" aria-controls=\"collapse-69e229d94ba4b\">Storage and distribution<\/button>\r\n\t\t\t\t\t<\/div>\r\n\t\t\t\t\t\t\t\t\t\t\t\t\t\t\t<div id=\"collapse-69e229d94ba4b\" class=\"accordion-collapse collapse show\"\r\n\t\t\t\t\t\taria-labelledby=\"collapse-item-69e229d94ba4b\" data-bs-parent=\"#faqAccordion1\">\r\n\t\t\t\t\t\t<div class=\"accordion-body\">\r\n\t\t\t\t\t\t\t<p>The distribution center in Gradi\u0161ka with 1700 m2 of storage space with pallet racks, suitable pallet trucks and forklifts, with 7 employees, is equipped for receiving, storing and distributing goods in over 40 cities throughout BiH<\/p>\t\t\t\t\t\t<\/div>\r\n\t\t\t\t\t<\/div>\r\n\t\t\t\t\t\t\t\t\t<\/div>\r\n\t\t\t\t\t\t\t\t<div class=\"accordion-card\">\r\n\t\t\t\t\t\t\t\t\t\t<div class=\"accordion-header\" id=\"collapse-item-69e229d94bb77\">\r\n\t\t\t\t\t\t<button class=\"accordion-button collapsed\" type=\"button\" data-bs-toggle=\"collapse\"\r\n\t\t\t\t\t\t\tdata-bs-target=\"#collapse-69e229d94bb77\" aria-expanded=\"false\" aria-controls=\"collapse-69e229d94bb77\">Logistics<\/button>\r\n\t\t\t\t\t<\/div>\r\n\t\t\t\t\t\t\t\t\t\t\t\t\t\t\t<div id=\"collapse-69e229d94bb77\" class=\"accordion-collapse collapse\"\r\n\t\t\t\t\t\taria-labelledby=\"collapse-item-69e229d94bb77\" data-bs-parent=\"#faqAccordion1\">\r\n\t\t\t\t\t\t<div class=\"accordion-body\">\r\n\t\t\t\t\t\t\t<p>Planning, preparation and timely delivery of goods with minimal costs for the client<\/p>\t\t\t\t\t\t<\/div>\r\n\t\t\t\t\t<\/div>\r\n\t\t\t\t\t\t\t\t\t<\/div>\r\n\t\t\t\t\t\t\t\t<div class=\"accordion-card\">\r\n\t\t\t\t\t\t\t\t\t\t<div class=\"accordion-header\" id=\"collapse-item-69e229d94bbce\">\r\n\t\t\t\t\t\t<button class=\"accordion-button collapsed\" type=\"button\" data-bs-toggle=\"collapse\"\r\n\t\t\t\t\t\t\tdata-bs-target=\"#collapse-69e229d94bbce\" aria-expanded=\"false\" aria-controls=\"collapse-69e229d94bbce\">Types and modes of transportation<\/button>\r\n\t\t\t\t\t<\/div>\r\n\t\t\t\t\t\t\t\t\t\t\t\t\t\t\t<div id=\"collapse-69e229d94bbce\" class=\"accordion-collapse collapse\"\r\n\t\t\t\t\t\taria-labelledby=\"collapse-item-69e229d94bbce\" data-bs-parent=\"#faqAccordion1\">\r\n\t\t\t\t\t\t<div class=\"accordion-body\">\r\n\t\t\t\t\t\t\t<ul><li>Full load FTL<\/li><li>LTL shipping<\/li><li>Collective transport<\/li><li>Combined transport<\/li><\/ul>\t\t\t\t\t\t<\/div>\r\n\t\t\t\t\t<\/div>\r\n\t\t\t\t\t\t\t\t\t<\/div>\r\n\t\t\t\t\t\t\t\t<div class=\"accordion-card\">\r\n\t\t\t\t\t\t\t\t\t\t<div class=\"accordion-header\" id=\"collapse-item-69e229d94bc48\">\r\n\t\t\t\t\t\t<button class=\"accordion-button collapsed\" type=\"button\" data-bs-toggle=\"collapse\"\r\n\t\t\t\t\t\t\tdata-bs-target=\"#collapse-69e229d94bc48\" aria-expanded=\"false\" aria-controls=\"collapse-69e229d94bc48\">Delivery to the destination<\/button>\r\n\t\t\t\t\t<\/div>\r\n\t\t\t\t\t\t\t\t\t\t\t\t\t\t\t<div id=\"collapse-69e229d94bc48\" class=\"accordion-collapse collapse\"\r\n\t\t\t\t\t\taria-labelledby=\"collapse-item-69e229d94bc48\" data-bs-parent=\"#faqAccordion1\">\r\n\t\t\t\t\t\t<div class=\"accordion-body\">\r\n\t\t\t\t\t\t\t<ul><li>Delivery by van<\/li><li>Pallet delivery<\/li><li>Delivery by small delivery vehicle<\/li><\/ul>\t\t\t\t\t\t<\/div>\r\n\t\t\t\t\t<\/div>\r\n\t\t\t\t\t\t\t\t\t<\/div>\r\n\t\t\t\t\t\t\t<\/div>\r\n\r\n        \t\t\t\t<\/div>\n\t\t\t\t<\/div>\n\t\t\t\t\t<\/div>\n\t\t<\/div>\n\t\t\t\t\t<\/div>\n\t\t<\/section>\n\t\t\t\t<\/div>","protected":false},"excerpt":{"rendered":"<p>O NAMA Pru\u017ea usluge prijevoza od 1996 GS \u0161ped d.o.o. je obiteljsko poduze\u0107e osnovano 1996. godine u Mostaru. Poduze\u0107e se bavi kompletnom logistikom i organizacijom transporta, uvoza i izvoza roba, kao i doma\u0107eg prijevoza. Svojim klijentima osiguravamo pouzdanu i kvalitetnu uslugu prijevoza robe u skladu s najvi\u0161im europskim standardima i normama. Unutarnji prijevoz roba (unutar&#8230;<\/p>","protected":false},"author":1,"featured_media":0,"parent":0,"menu_order":0,"comment_status":"closed","ping_status":"closed","template":"template-builder.php","meta":{"footnotes":""},"class_list":["post-2093","page","type-page","status-publish","hentry"],"_links":{"self":[{"href":"https:\/\/gssped.com\/en\/wp-json\/wp\/v2\/pages\/2093","targetHints":{"allow":["GET"]}}],"collection":[{"href":"https:\/\/gssped.com\/en\/wp-json\/wp\/v2\/pages"}],"about":[{"href":"https:\/\/gssped.com\/en\/wp-json\/wp\/v2\/types\/page"}],"author":[{"embeddable":true,"href":"https:\/\/gssped.com\/en\/wp-json\/wp\/v2\/users\/1"}],"replies":[{"embeddable":true,"href":"https:\/\/gssped.com\/en\/wp-json\/wp\/v2\/comments?post=2093"}],"version-history":[{"count":103,"href":"https:\/\/gssped.com\/en\/wp-json\/wp\/v2\/pages\/2093\/revisions"}],"predecessor-version":[{"id":3435,"href":"https:\/\/gssped.com\/en\/wp-json\/wp\/v2\/pages\/2093\/revisions\/3435"}],"wp:attachment":[{"href":"https:\/\/gssped.com\/en\/wp-json\/wp\/v2\/media?parent=2093"}],"curies":[{"name":"wp","href":"https:\/\/api.w.org\/{rel}","templated":true}]}}