{"id":3246,"date":"2024-06-04T12:36:13","date_gmt":"2024-06-04T10:36:13","guid":{"rendered":"https:\/\/gssped.com\/?page_id=3246"},"modified":"2024-06-12T09:09:28","modified_gmt":"2024-06-12T07:09:28","slug":"distribucijski-centar-gradiska","status":"publish","type":"page","link":"https:\/\/gssped.com\/en\/distribucijski-centar-gradiska\/","title":{"rendered":"Distribucijski centar Gradi\u0161ka"},"content":{"rendered":"<div data-elementor-type=\"wp-page\" data-elementor-id=\"3246\" class=\"elementor elementor-3246\" data-elementor-post-type=\"page\">\n\t\t\t\t\t\t<section class=\"elementor-section elementor-top-section elementor-element elementor-element-b7d6bad elementor-section-boxed elementor-section-height-default elementor-section-height-default\" data-id=\"b7d6bad\" data-element_type=\"section\" data-e-type=\"section\">\n\t\t\t\t\t\t<div class=\"elementor-container elementor-column-gap-no\">\n\t\t\t\t\t<div class=\"elementor-column elementor-col-50 elementor-top-column elementor-element elementor-element-7c3c8b1\" data-id=\"7c3c8b1\" data-element_type=\"column\" data-e-type=\"column\">\n\t\t\t<div class=\"elementor-widget-wrap elementor-element-populated\">\n\t\t\t\t\t\t<div class=\"elementor-element elementor-element-5eb2cf2 elementor-widget elementor-widget-image\" data-id=\"5eb2cf2\" data-element_type=\"widget\" data-e-type=\"widget\" data-widget_type=\"image.default\">\n\t\t\t\t<div class=\"elementor-widget-container\">\n\t\t\t\t\t\t\t\t\t\t\t\t\t\t\t<img fetchpriority=\"high\" decoding=\"async\" width=\"600\" height=\"600\" src=\"https:\/\/gssped.com\/wp-content\/uploads\/2024\/05\/use-square-600x600-1.png\" class=\"attachment-medium_large size-medium_large wp-image-3066\" alt=\"\" srcset=\"https:\/\/gssped.com\/wp-content\/uploads\/2024\/05\/use-square-600x600-1.png 600w, https:\/\/gssped.com\/wp-content\/uploads\/2024\/05\/use-square-600x600-1-300x300.png 300w, https:\/\/gssped.com\/wp-content\/uploads\/2024\/05\/use-square-600x600-1-150x150.png 150w, https:\/\/gssped.com\/wp-content\/uploads\/2024\/05\/use-square-600x600-1-80x80.png 80w, https:\/\/gssped.com\/wp-content\/uploads\/2024\/05\/use-square-600x600-1-12x12.png 12w, https:\/\/gssped.com\/wp-content\/uploads\/2024\/05\/use-square-600x600-1-100x100.png 100w, https:\/\/gssped.com\/wp-content\/uploads\/2024\/05\/use-square-600x600-1-460x460.png 460w\" sizes=\"(max-width: 600px) 100vw, 600px\" \/>\t\t\t\t\t\t\t\t\t\t\t\t\t\t\t<\/div>\n\t\t\t\t<\/div>\n\t\t\t\t\t<\/div>\n\t\t<\/div>\n\t\t\t\t<div class=\"elementor-column elementor-col-50 elementor-top-column elementor-element elementor-element-e98b059\" data-id=\"e98b059\" data-element_type=\"column\" data-e-type=\"column\">\n\t\t\t<div class=\"elementor-widget-wrap elementor-element-populated\">\n\t\t\t\t\r\n\t\t<div class=\"elementor-element elementor-element-d8483cd elementor-widget elementor-widget-logistikteaminfo\" data-id=\"d8483cd\" data-element_type=\"widget\" data-e-type=\"widget\" data-widget_type=\"logistikteaminfo.default\">\n\t\t\t\t<div class=\"elementor-widget-container\">\n\t\t\t\t\t    \t\t\t<div class=\"about-card\">\r\n\t\t\t<div class=\"about-card_wrapp\">\r\n\t\t\t\t<div class=\"about-card_content\">\r\n\t\t\t\t\t<h5 class=\"about-card_title\">\u0110ura\u0111 Cviji\u0107<\/h5>\r\n\t\t\t\t\t<span class=\"about-card_desig\">Voditelj distribucijskog centra<\/span>\r\n\t\t\t\t<\/div>\r\n\t\t\t\t<div class=\"themeholy-social team-social\">\r\n\t\t\t\t\t\r\n\t\t\t\t\t\r\n\t\t\t\t\t\r\n\t\t\t\t\t\t\t\t\t<\/div>\r\n\t\t\t<\/div>\r\n\t\t\t<p class=\"about-card_text\"><\/p>\r\n\t\t\t<div class=\"about-card_box\">\r\n\t\t\t\t<div class=\"info-box_wrapper\">\r\n\t\t\t\t\t<div class=\"info-box\">\r\n\t\t\t\t\t\t<div class=\"info-box_icon\">\r\n\t\t\t\t\t\t\t<i>\r\n\t\t\t\t\t\t\t\t<img decoding=\"async\" src=\"https:\/\/themeholy.com\/wordpress\/logistik\/wp-content\/uploads\/2023\/04\/phone-call.svg\" alt=\"phone call\"  \/>\t\t\t\t\t\t\t<\/i>\r\n\t\t\t\t\t\t<\/div>\r\n\t\t\t\t\t\t<div class=\"media-body\">\r\n\t\t\t\t\t\t\t<h4 class=\"info-box_title\">Phone :<\/h4>\r\n\t\t\t\t\t\t\t<a class=\"info-box_link\" href=\"tel: 38763002337\">+387 63 002 337<\/a>\r\n\t\t\t\t\t\t<\/div>\r\n\t\t\t\t\t<\/div>\r\n\t\t\t\t\t<div class=\"info-box\">\r\n\t\t\t\t\t\t<div class=\"info-box_icon\">\r\n\t\t\t\t\t\t\t<i>\r\n\t\t\t\t\t\t\t\t<img decoding=\"async\" src=\"https:\/\/themeholy.com\/wordpress\/logistik\/wp-content\/uploads\/2023\/04\/email_2.svg\" alt=\"email_2\"  \/>\t\t\t\t\t\t\t<\/i>\r\n\t\t\t\t\t\t<\/div>\r\n\t\t\t\t\t\t<div class=\"media-body\">\r\n\t\t\t\t\t\t\t<h4 class=\"info-box_title\">Email adresa :<\/h4>\r\n\t\t\t\t\t\t\t<a class=\"info-box_link\" href=\"mailto:djuradj.cvijic@gssped.com\">djuradj.cvijic@gssped.com<\/a>\r\n\t\t\t\t\t\t<\/div>\r\n\t\t\t\t\t<\/div>\r\n\t\t\t\t\t<div class=\"info-box\">\r\n\t\t\t\t\t\t<div class=\"info-box_icon\">\r\n\t\t\t\t\t\t\t<i>\r\n\t\t\t\t\t\t\t\t<img decoding=\"async\" src=\"https:\/\/themeholy.com\/wordpress\/logistik\/wp-content\/uploads\/2023\/04\/location_3.svg\" alt=\"location_3\"  \/>\t\t\t\t\t\t\t<\/i>\r\n\t\t\t\t\t\t<\/div>\r\n\t\t\t\t\t\t<div class=\"media-body\">\r\n\t\t\t\t\t\t\t<h4 class=\"info-box_title\">DC Gradi\u0161ka:<\/h4>\r\n\t\t\t\t\t\t\t<span class=\"info-box_text\">GS \u0161ped d.o.o  Srpska krila slobode a, 78400-Gradi\u0161ka<\/span>\r\n\t\t\t\t\t\t<\/div>\r\n\t\t\t\t\t<\/div>\r\n\t\t\t\t\t<div class=\"info-box\">\r\n\t\t\t\t\t\t<div class=\"info-box_icon\">\r\n\t\t\t\t\t\t\t<i>\r\n\t\t\t\t\t\t\t\t<img decoding=\"async\" src=\"https:\/\/themeholy.com\/wordpress\/logistik\/wp-content\/uploads\/2023\/04\/clock.svg\" alt=\"clock\"  \/>\t\t\t\t\t\t\t<\/i>\r\n\t\t\t\t\t\t<\/div>\r\n\t\t\t\t\t\t<div class=\"media-body\">\r\n\t\t\t\t\t\t\t<h4 class=\"info-box_title\">Radno vrijeme :<\/h4>\r\n\t\t\t\t\t\t\t<span class=\"info-box_text\">Pon-Pet: 09:00 - 16:00 Subotom: 09:13 h<\/span>\r\n\t\t\t\t\t\t<\/div>\r\n\t\t\t\t\t<\/div>\r\n\t\t\t\t<\/div>\r\n\t\t\t<\/div>\r\n\t\t<\/div>\r\n\r\n    \t\t\t\t\t<\/div>\n\t\t\t\t<\/div>\n\t\t\t\t\t<\/div>\n\t\t<\/div>\n\t\t\t\t\t<\/div>\n\t\t<\/section>\n\t\t\t\t<\/div>","protected":false},"excerpt":{"rendered":"<p>\u0110ura\u0111 Cviji\u0107 Voditelj distribucijskog centra Telefon : +387 63 002 337 Email adresa : djuradj.cvijic@gssped.com DC Gradi\u0161ka: GS \u0161ped d.o.o Srpska krila slobode a, 78400-Gradi\u0161ka Radno vrijeme : Pon-Pet: 09:00 &#8211; 16:00 Subotom: 09:13 h<\/p>","protected":false},"author":1,"featured_media":0,"parent":0,"menu_order":0,"comment_status":"closed","ping_status":"closed","template":"","meta":{"footnotes":""},"class_list":["post-3246","page","type-page","status-publish","hentry"],"_links":{"self":[{"href":"https:\/\/gssped.com\/en\/wp-json\/wp\/v2\/pages\/3246","targetHints":{"allow":["GET"]}}],"collection":[{"href":"https:\/\/gssped.com\/en\/wp-json\/wp\/v2\/pages"}],"about":[{"href":"https:\/\/gssped.com\/en\/wp-json\/wp\/v2\/types\/page"}],"author":[{"embeddable":true,"href":"https:\/\/gssped.com\/en\/wp-json\/wp\/v2\/users\/1"}],"replies":[{"embeddable":true,"href":"https:\/\/gssped.com\/en\/wp-json\/wp\/v2\/comments?post=3246"}],"version-history":[{"count":13,"href":"https:\/\/gssped.com\/en\/wp-json\/wp\/v2\/pages\/3246\/revisions"}],"predecessor-version":[{"id":3396,"href":"https:\/\/gssped.com\/en\/wp-json\/wp\/v2\/pages\/3246\/revisions\/3396"}],"wp:attachment":[{"href":"https:\/\/gssped.com\/en\/wp-json\/wp\/v2\/media?parent=3246"}],"curies":[{"name":"wp","href":"https:\/\/api.w.org\/{rel}","templated":true}]}}