{"id":3288,"date":"2024-06-05T09:07:27","date_gmt":"2024-06-05T07:07:27","guid":{"rendered":"https:\/\/gssped.com\/?page_id=3288"},"modified":"2024-06-05T09:10:07","modified_gmt":"2024-06-05T07:10:07","slug":"ponuda","status":"publish","type":"page","link":"https:\/\/gssped.com\/en\/ponuda\/","title":{"rendered":"Offer"},"content":{"rendered":"<div data-elementor-type=\"wp-page\" data-elementor-id=\"3288\" class=\"elementor elementor-3288\" data-elementor-post-type=\"page\">\n\t\t\t\t\t\t<section class=\"elementor-section elementor-top-section elementor-element elementor-element-515e4cf elementor-section-boxed elementor-section-height-default elementor-section-height-default\" data-id=\"515e4cf\" data-element_type=\"section\" data-e-type=\"section\" data-settings=\"{&quot;background_background&quot;:&quot;classic&quot;}\">\n\t\t\t\t\t\t<div class=\"elementor-container elementor-column-gap-no\">\n\t\t\t\t\t<div class=\"elementor-column elementor-col-100 elementor-top-column elementor-element elementor-element-606eac5\" data-id=\"606eac5\" data-element_type=\"column\" data-e-type=\"column\">\n\t\t\t<div class=\"elementor-widget-wrap elementor-element-populated\">\n\t\t\t\t\r\n\t\t<div class=\"elementor-element elementor-element-5931e6d elementor-widget elementor-widget-logistiksectiontitle\" data-id=\"5931e6d\" data-element_type=\"widget\" data-e-type=\"widget\" data-widget_type=\"logistiksectiontitle.default\">\n\t\t\t\t<div class=\"elementor-widget-container\">\n\t\t\t\t\t\t\t<div class=\"title-area\">\r\n\t\t\t\t \t\t\t<span class=\"sub-title th-sub\">\r\n\t\t\t\t\t<img decoding=\"async\" src=\"https:\/\/themeholy.com\/wordpress\/logistik\/wp-content\/uploads\/2023\/04\/title_left.svg\" alt=\"title_left\"  \/>ADVANCED FEATURES\r\n\t \t\t\t<\/span>\r\n \t\t\t\t\t\t\r\n\t\t\t<h2 class=\"sec-title th-title\">Advantages of our services<\/h2>\t\t<\/div>\r\n\r\n\t\t\t\t\t<\/div>\n\t\t\t\t<\/div>\n\t\t\t\t<div class=\"elementor-element elementor-element-b679931 elementor-widget elementor-widget-logistikservice\" data-id=\"b679931\" data-element_type=\"widget\" data-e-type=\"widget\" data-widget_type=\"logistikservice.default\">\n\t\t\t\t<div class=\"elementor-widget-container\">\n\t\t\t\t\t\r\n        \t\t\t<div class=\"feature-grid-wrap\">\r\n\t\t\t\t                <div class=\"feature-grid th-wrap\">\r\n                    <div class=\"feature-grid_icon\">\r\n\t\t\t\t\t\t<img decoding=\"async\" src=\"https:\/\/themeholy.com\/wordpress\/logistik\/wp-content\/uploads\/2023\/04\/feature_2_1.svg\" alt=\"feature_2_1\"  \/>                    <\/div>\r\n                    <div>\r\n                        <h3 class=\"feature-grid_title th-title\">Quick and easy<\/h3>\r\n                        <p class=\"feature-grid_text th-desc\">Fill out the form and receive offers by email. No stress and no phone calls.<\/p>\r\n                    <\/div>\r\n                <\/div>\r\n\t\t\t\t                <div class=\"feature-grid th-wrap\">\r\n                    <div class=\"feature-grid_icon\">\r\n\t\t\t\t\t\t<img decoding=\"async\" src=\"https:\/\/themeholy.com\/wordpress\/logistik\/wp-content\/uploads\/2023\/04\/feature_2_3.svg\" alt=\"feature_2_3\"  \/>                    <\/div>\r\n                    <div>\r\n                        <h3 class=\"feature-grid_title th-title\">Transportation tracking<\/h3>\r\n                        <p class=\"feature-grid_text th-desc\">At any time, we provide you with information about the location of the transport that is in progress.<\/p>\r\n                    <\/div>\r\n                <\/div>\r\n\t\t\t\t                <div class=\"feature-grid th-wrap\">\r\n                    <div class=\"feature-grid_icon\">\r\n\t\t\t\t\t\t<img decoding=\"async\" src=\"https:\/\/themeholy.com\/wordpress\/logistik\/wp-content\/uploads\/2023\/04\/feature_2_4.svg\" alt=\"feature_2_4\"  \/>                    <\/div>\r\n                    <div>\r\n                        <h3 class=\"feature-grid_title th-title\">24\/7 customer support<\/h3>\r\n                        <p class=\"feature-grid_text th-desc\">You need help? Write us an e-mail or call us. We are here to help you.<\/p>\r\n                    <\/div>\r\n                <\/div>\r\n\t\t\t\t            <\/div>\r\n\r\n\t\t\t\t\t\t<\/div>\n\t\t\t\t<\/div>\n\t\t\t\t\t<\/div>\n\t\t<\/div>\n\t\t\t\t\t<\/div>\n\t\t<\/section>\n\t\t\t\t<section class=\"elementor-section elementor-top-section elementor-element elementor-element-e441e0c elementor-section-full_width elementor-section-height-default elementor-section-height-default\" data-id=\"e441e0c\" data-element_type=\"section\" data-e-type=\"section\">\n\t\t\t\t\t\t<div class=\"elementor-container elementor-column-gap-no\">\n\t\t\t\t\t<div class=\"elementor-column elementor-col-100 elementor-top-column elementor-element elementor-element-3f3bba0\" data-id=\"3f3bba0\" data-element_type=\"column\" data-e-type=\"column\">\n\t\t\t<div class=\"elementor-widget-wrap elementor-element-populated\">\n\t\t\t\t\t\t<div class=\"elementor-element elementor-element-d632721 elementor-widget elementor-widget-image\" data-id=\"d632721\" data-element_type=\"widget\" data-e-type=\"widget\" data-widget_type=\"image.default\">\n\t\t\t\t<div class=\"elementor-widget-container\">\n\t\t\t\t\t\t\t\t\t\t\t\t\t\t\t<img fetchpriority=\"high\" decoding=\"async\" width=\"1920\" height=\"512\" src=\"https:\/\/gssped.com\/wp-content\/uploads\/2024\/05\/spedition-gssped.webp\" class=\"attachment-full size-full wp-image-2941\" alt=\"\" srcset=\"https:\/\/gssped.com\/wp-content\/uploads\/2024\/05\/spedition-gssped.webp 1920w, https:\/\/gssped.com\/wp-content\/uploads\/2024\/05\/spedition-gssped-300x80.webp 300w, https:\/\/gssped.com\/wp-content\/uploads\/2024\/05\/spedition-gssped-1024x273.webp 1024w, https:\/\/gssped.com\/wp-content\/uploads\/2024\/05\/spedition-gssped-768x205.webp 768w, https:\/\/gssped.com\/wp-content\/uploads\/2024\/05\/spedition-gssped-1536x410.webp 1536w, https:\/\/gssped.com\/wp-content\/uploads\/2024\/05\/spedition-gssped-600x160.webp 600w\" sizes=\"(max-width: 1920px) 100vw, 1920px\" \/>\t\t\t\t\t\t\t\t\t\t\t\t\t\t\t<\/div>\n\t\t\t\t<\/div>\n\t\t\t\t\t<\/div>\n\t\t<\/div>\n\t\t\t\t\t<\/div>\n\t\t<\/section>\n\t\t\t\t<section class=\"elementor-section elementor-top-section elementor-element elementor-element-5741012 elementor-section-boxed elementor-section-height-default elementor-section-height-default\" data-id=\"5741012\" data-element_type=\"section\" data-e-type=\"section\">\n\t\t\t\t\t\t<div class=\"elementor-container elementor-column-gap-no\">\n\t\t\t\t\t<div class=\"elementor-column elementor-col-50 elementor-top-column elementor-element elementor-element-397279d\" data-id=\"397279d\" data-element_type=\"column\" data-e-type=\"column\">\n\t\t\t<div class=\"elementor-widget-wrap elementor-element-populated\">\n\t\t\t\t\t\t<div class=\"elementor-element elementor-element-9fba0be elementor-widget elementor-widget-logistikcontactform\" data-id=\"9fba0be\" data-element_type=\"widget\" data-e-type=\"widget\" data-widget_type=\"logistikcontactform.default\">\n\t\t\t\t<div class=\"elementor-widget-container\">\n\t\t\t\t\t\t\t\t\t\t<div class=\"service-form-wrap\">\r\n\t\t\t\t<div class=\"service-form  th-bg ajax-contact\">\r\n\t\t\t\t\t<h3 class=\"fs-24 mb-30 mt-n1 text-white th-title\">Request our services<\/h3>\r\n\t\t\t\t\t\n<div class=\"wpcf7 no-js\" id=\"wpcf7-f1099-o1\" lang=\"en-US\" dir=\"ltr\" data-wpcf7-id=\"1099\">\n<div class=\"screen-reader-response\"><p role=\"status\" aria-live=\"polite\" aria-atomic=\"true\"><\/p> <ul><\/ul><\/div>\n<form action=\"\/en\/wp-json\/wp\/v2\/pages\/3288#wpcf7-f1099-o1\" method=\"post\" class=\"wpcf7-form init\" aria-label=\"Contact form\" novalidate=\"novalidate\" data-status=\"init\" data-trp-original-action=\"\/en\/wp-json\/wp\/v2\/pages\/3288#wpcf7-f1099-o1\">\n<fieldset class=\"hidden-fields-container\"><input type=\"hidden\" name=\"_wpcf7\" value=\"1099\" \/><input type=\"hidden\" name=\"_wpcf7_version\" value=\"6.1.5\" \/><input type=\"hidden\" name=\"_wpcf7_locale\" value=\"en_US\" \/><input type=\"hidden\" name=\"_wpcf7_unit_tag\" value=\"wpcf7-f1099-o1\" \/><input type=\"hidden\" name=\"_wpcf7_container_post\" value=\"0\" \/><input type=\"hidden\" name=\"_wpcf7_posted_data_hash\" value=\"\" \/>\n<\/fieldset>\n<div class=\"row\">\n\t<div class=\"form-group col-12\">\n<span class=\"wpcf7-form-control-wrap\" data-name=\"name21\"><input size=\"40\" maxlength=\"400\" class=\"wpcf7-form-control wpcf7-text form-control\" id=\"name21\" aria-invalid=\"false\" placeholder=\"Your Name\" value=\"\" type=\"text\" name=\"name21\" \/><\/span>\n<i class=\"fal fa-user\"><\/i>\n\t<\/div>\n\t<div class=\"form-group col-12\">\n<span class=\"wpcf7-form-control-wrap\" data-name=\"email21\"><input size=\"40\" maxlength=\"400\" class=\"wpcf7-form-control wpcf7-email wpcf7-text wpcf7-validates-as-email form-control\" id=\"email21\" aria-invalid=\"false\" placeholder=\"Email address\" value=\"\" type=\"email\" name=\"email21\" \/><\/span>\n<i class=\"fal fa-envelope\"><\/i>\n\t<\/div>\n\t<div class=\"form-group col-12\">\n<span class=\"wpcf7-form-control-wrap\" data-name=\"weight21\"><input size=\"40\" maxlength=\"400\" class=\"wpcf7-form-control wpcf7-text form-control\" id=\"weight21\" aria-invalid=\"false\" placeholder=\"Weight, Kg\" value=\"\" type=\"text\" name=\"weight21\" \/><\/span>\n<i class=\"fa-light fa-weight-scale\"><\/i>\n\t<\/div>\n\t<div class=\"form-group col-12\">\n<span class=\"wpcf7-form-control-wrap\" data-name=\"distance21\"><input size=\"40\" maxlength=\"400\" class=\"wpcf7-form-control wpcf7-text form-control\" id=\"distance21\" aria-invalid=\"false\" placeholder=\"Distance, Km\" value=\"\" type=\"text\" name=\"distance21\" \/><\/span>\n<i class=\"fa-sharp fa-regular fa-location-dot\"><\/i>\n\t<\/div>\n\t<div class=\"form-group col-12\">\n<span class=\"wpcf7-form-control-wrap\" data-name=\"menu-27\"><select class=\"wpcf7-form-control wpcf7-select form-select nice-select\" id=\"menu-27\" aria-invalid=\"false\" name=\"menu-27\"><option value=\"Odaberite prevoz\">Choose a transport<\/option><option value=\"Cestovni\">Cestovni<\/option><option value=\"Prekookeanski\">Prekookeanski<\/option><option value=\"Zra\u010dni\">Zra\u010dni<\/option><option value=\"\u017deljeznicom\">\u017deljeznicom<\/option><\/select><\/span>\n\t<\/div>\n\t<div class=\"btn-group justify-content-center\">\n\t\t<button class=\"themeholy-btn th-btn blue-btn2 btn-fw justify-content-center wpcf7\">Free Quote!<span class=\"icon\"><i class=\"fa-sharp fa-regular fa-paper-plane\"><\/i><\/span><\/button>\n\t<\/div>\n<\/div>\n<p class=\"form-messages mb-0 mt-3\"><\/p><div class=\"wpcf7-response-output\" aria-hidden=\"true\"><\/div>\n<input type=\"hidden\" name=\"trp-form-language\" value=\"en\"\/><\/form>\n<\/div>\n\t\t\t\t<\/div>\r\n\t\t\t<\/div>\r\n\t    \t \r\n\t    \t\t\t\t<\/div>\n\t\t\t\t<\/div>\n\t\t\t\t\t<\/div>\n\t\t<\/div>\n\t\t\t\t<div class=\"elementor-column elementor-col-50 elementor-top-column elementor-element elementor-element-54d35de\" data-id=\"54d35de\" data-element_type=\"column\" data-e-type=\"column\" data-settings=\"{&quot;background_background&quot;:&quot;classic&quot;}\">\n\t\t\t<div class=\"elementor-widget-wrap elementor-element-populated\">\n\t\t\t\t\t\t<div class=\"elementor-element elementor-element-582bc92 elementor-widget elementor-widget-logistikfaq\" data-id=\"582bc92\" data-element_type=\"widget\" data-e-type=\"widget\" data-widget_type=\"logistikfaq.default\">\n\t\t\t\t<div class=\"elementor-widget-container\">\n\t\t\t\t\t\t\t\r\n\t\t\t<div class=\"accordion-area accordion\" id=\"faqAccordion1\">\r\n\t\t\t\t\t\t\t\t<div class=\"accordion-card\">\r\n\t\t\t\t\t\t\t\t\t\t<div class=\"accordion-header\" id=\"collapse-item-69e229e8d103b\">\r\n\t\t\t\t\t\t<button class=\"accordion-button\" type=\"button\" data-bs-toggle=\"collapse\"\r\n\t\t\t\t\t\t\tdata-bs-target=\"#collapse-69e229e8d103b\" aria-expanded=\"true\" aria-controls=\"collapse-69e229e8d103b\">Storage and distribution<\/button>\r\n\t\t\t\t\t<\/div>\r\n\t\t\t\t\t\t\t\t\t\t\t\t\t\t\t<div id=\"collapse-69e229e8d103b\" class=\"accordion-collapse collapse show\"\r\n\t\t\t\t\t\taria-labelledby=\"collapse-item-69e229e8d103b\" data-bs-parent=\"#faqAccordion1\">\r\n\t\t\t\t\t\t<div class=\"accordion-body\">\r\n\t\t\t\t\t\t\t<p>The distribution center in Gradi\u0161ka with 1700 m2 of storage space with pallet racks, suitable pallet trucks and forklifts, with 7 employees, is equipped for receiving, storing and distributing goods in over 40 cities throughout BiH<\/p>\t\t\t\t\t\t<\/div>\r\n\t\t\t\t\t<\/div>\r\n\t\t\t\t\t\t\t\t\t<\/div>\r\n\t\t\t\t\t\t\t\t<div class=\"accordion-card\">\r\n\t\t\t\t\t\t\t\t\t\t<div class=\"accordion-header\" id=\"collapse-item-69e229e8d1191\">\r\n\t\t\t\t\t\t<button class=\"accordion-button collapsed\" type=\"button\" data-bs-toggle=\"collapse\"\r\n\t\t\t\t\t\t\tdata-bs-target=\"#collapse-69e229e8d1191\" aria-expanded=\"false\" aria-controls=\"collapse-69e229e8d1191\">Logistics<\/button>\r\n\t\t\t\t\t<\/div>\r\n\t\t\t\t\t\t\t\t\t\t\t\t\t\t\t<div id=\"collapse-69e229e8d1191\" class=\"accordion-collapse collapse\"\r\n\t\t\t\t\t\taria-labelledby=\"collapse-item-69e229e8d1191\" data-bs-parent=\"#faqAccordion1\">\r\n\t\t\t\t\t\t<div class=\"accordion-body\">\r\n\t\t\t\t\t\t\t<p>Planning, preparation and timely delivery of goods with minimal costs for the client<\/p>\t\t\t\t\t\t<\/div>\r\n\t\t\t\t\t<\/div>\r\n\t\t\t\t\t\t\t\t\t<\/div>\r\n\t\t\t\t\t\t\t\t<div class=\"accordion-card\">\r\n\t\t\t\t\t\t\t\t\t\t<div class=\"accordion-header\" id=\"collapse-item-69e229e8d11cf\">\r\n\t\t\t\t\t\t<button class=\"accordion-button collapsed\" type=\"button\" data-bs-toggle=\"collapse\"\r\n\t\t\t\t\t\t\tdata-bs-target=\"#collapse-69e229e8d11cf\" aria-expanded=\"false\" aria-controls=\"collapse-69e229e8d11cf\">Types and modes of transportation<\/button>\r\n\t\t\t\t\t<\/div>\r\n\t\t\t\t\t\t\t\t\t\t\t\t\t\t\t<div id=\"collapse-69e229e8d11cf\" class=\"accordion-collapse collapse\"\r\n\t\t\t\t\t\taria-labelledby=\"collapse-item-69e229e8d11cf\" data-bs-parent=\"#faqAccordion1\">\r\n\t\t\t\t\t\t<div class=\"accordion-body\">\r\n\t\t\t\t\t\t\t<ul><li>Full load FTL<\/li><li>LTL shipping<\/li><li>Collective transport<\/li><li>Combined transport<\/li><\/ul>\t\t\t\t\t\t<\/div>\r\n\t\t\t\t\t<\/div>\r\n\t\t\t\t\t\t\t\t\t<\/div>\r\n\t\t\t\t\t\t\t\t<div class=\"accordion-card\">\r\n\t\t\t\t\t\t\t\t\t\t<div class=\"accordion-header\" id=\"collapse-item-69e229e8d1235\">\r\n\t\t\t\t\t\t<button class=\"accordion-button collapsed\" type=\"button\" data-bs-toggle=\"collapse\"\r\n\t\t\t\t\t\t\tdata-bs-target=\"#collapse-69e229e8d1235\" aria-expanded=\"false\" aria-controls=\"collapse-69e229e8d1235\">Delivery to the destination<\/button>\r\n\t\t\t\t\t<\/div>\r\n\t\t\t\t\t\t\t\t\t\t\t\t\t\t\t<div id=\"collapse-69e229e8d1235\" class=\"accordion-collapse collapse\"\r\n\t\t\t\t\t\taria-labelledby=\"collapse-item-69e229e8d1235\" data-bs-parent=\"#faqAccordion1\">\r\n\t\t\t\t\t\t<div class=\"accordion-body\">\r\n\t\t\t\t\t\t\t<ul><li>Delivery by van<\/li><li>Pallet delivery<\/li><li>Delivery by small delivery vehicle<\/li><\/ul>\t\t\t\t\t\t<\/div>\r\n\t\t\t\t\t<\/div>\r\n\t\t\t\t\t\t\t\t\t<\/div>\r\n\t\t\t\t\t\t\t<\/div>\r\n\r\n        \t\t\t\t<\/div>\n\t\t\t\t<\/div>\n\t\t\t\t\t<\/div>\n\t\t<\/div>\n\t\t\t\t\t<\/div>\n\t\t<\/section>\n\t\t\t\t<\/div>","protected":false},"excerpt":{"rendered":"<p>NAPREDNE ZNA\u010cAJKE Prednosti na\u0161ih usluga Brzo i jednostavno Ispunite obrazac i primajte ponude putem e-po\u0161te. Bez stresa i telefoniranja. Pra\u0107enje prijevoza U svakom trenutku dajemo Vam informaciju o lokaciji transporta koji je u tijeku. Korisni\u010dka podr\u0161ka Trebate pomo\u0107? Pi\u0161ite nam e-mail ili nas nazovite. Ovdje smo da vam pomognemo. Zatra\u017eite na\u0161e usluge Odaberite prevozCestovniPrekookeanskiZra\u010dni\u017deljeznicom Besplatna&#8230;<\/p>","protected":false},"author":2,"featured_media":0,"parent":0,"menu_order":0,"comment_status":"closed","ping_status":"closed","template":"","meta":{"footnotes":""},"class_list":["post-3288","page","type-page","status-publish","hentry"],"_links":{"self":[{"href":"https:\/\/gssped.com\/en\/wp-json\/wp\/v2\/pages\/3288","targetHints":{"allow":["GET"]}}],"collection":[{"href":"https:\/\/gssped.com\/en\/wp-json\/wp\/v2\/pages"}],"about":[{"href":"https:\/\/gssped.com\/en\/wp-json\/wp\/v2\/types\/page"}],"author":[{"embeddable":true,"href":"https:\/\/gssped.com\/en\/wp-json\/wp\/v2\/users\/2"}],"replies":[{"embeddable":true,"href":"https:\/\/gssped.com\/en\/wp-json\/wp\/v2\/comments?post=3288"}],"version-history":[{"count":4,"href":"https:\/\/gssped.com\/en\/wp-json\/wp\/v2\/pages\/3288\/revisions"}],"predecessor-version":[{"id":3293,"href":"https:\/\/gssped.com\/en\/wp-json\/wp\/v2\/pages\/3288\/revisions\/3293"}],"wp:attachment":[{"href":"https:\/\/gssped.com\/en\/wp-json\/wp\/v2\/media?parent=3288"}],"curies":[{"name":"wp","href":"https:\/\/api.w.org\/{rel}","templated":true}]}}