{"id":3349,"date":"2024-06-06T10:28:37","date_gmt":"2024-06-06T08:28:37","guid":{"rendered":"https:\/\/gssped.com\/?page_id=3349"},"modified":"2025-10-23T06:49:56","modified_gmt":"2025-10-23T04:49:56","slug":"vozni-park","status":"publish","type":"page","link":"https:\/\/gssped.com\/en\/vozni-park\/","title":{"rendered":"Vehicle fleet"},"content":{"rendered":"<div data-elementor-type=\"wp-page\" data-elementor-id=\"3349\" class=\"elementor elementor-3349\" data-elementor-post-type=\"page\">\n\t\t\t\t\t\t<section class=\"elementor-section elementor-top-section elementor-element elementor-element-ca1581c elementor-section-boxed elementor-section-height-default elementor-section-height-default\" data-id=\"ca1581c\" data-element_type=\"section\" data-e-type=\"section\" data-settings=\"{&quot;background_background&quot;:&quot;classic&quot;}\">\n\t\t\t\t\t\t<div class=\"elementor-container elementor-column-gap-no\">\n\t\t\t\t\t<div class=\"elementor-column elementor-col-100 elementor-top-column elementor-element elementor-element-54f0f7d\" data-id=\"54f0f7d\" data-element_type=\"column\" data-e-type=\"column\">\n\t\t\t<div class=\"elementor-widget-wrap elementor-element-populated\">\n\t\t\t\t\r\n\t\t<div class=\"elementor-element elementor-element-24b0477 elementor-widget elementor-widget-logistiksectiontitle\" data-id=\"24b0477\" data-element_type=\"widget\" data-e-type=\"widget\" data-widget_type=\"logistiksectiontitle.default\">\n\t\t\t\t<div class=\"elementor-widget-container\">\n\t\t\t\t\t\t\t<div class=\"title-area\">\r\n\t\t\t\t \t\t\t<span class=\"sub-title th-sub\">\r\n\t\t\t\t\t<img decoding=\"async\" src=\"https:\/\/gssped.com\/wp-content\/uploads\/2023\/04\/title_left.svg\" alt=\"title_left\"  \/>GSSPED\r\n\t \t\t\t<\/span>\r\n \t\t\t\t\t\t\r\n\t\t\t<h2 class=\"sec-title th-title\">Vehicle fleet<\/h2>\t\t<\/div>\r\n\r\n\t\t\t\t\t<\/div>\n\t\t\t\t<\/div>\n\t\t\t\t<div class=\"elementor-element elementor-element-b8f5677 elementor-widget elementor-widget-text-editor\" data-id=\"b8f5677\" data-element_type=\"widget\" data-e-type=\"widget\" data-widget_type=\"text-editor.default\">\n\t\t\t\t<div class=\"elementor-widget-container\">\n\t\t\t\t\t\t\t\t\t<p>Taking into account the needs of our clients, we formed our vehicle fleet in such a way that we are able to meet all requirements for the road transport of goods.<br \/>Today, we own 13 tractors with semi-trailers, 5 solo trucks with loading ramps, one van and one van that meet the highest environmental protection standards. Today, sustainable development and environmental protection are the most important topics in society, the economy and, of course, in transport.<br \/>All vehicles meet EURO6 standards and protect the safety of your goods<br \/>Each vehicle has a GPS system, an electronic planner and a navigation system<\/p>\t\t\t\t\t\t\t\t<\/div>\n\t\t\t\t<\/div>\n\t\t\t\t<div class=\"elementor-element elementor-element-05a3b28 elementor-widget-divider--view-line elementor-widget elementor-widget-divider\" data-id=\"05a3b28\" data-element_type=\"widget\" data-e-type=\"widget\" data-widget_type=\"divider.default\">\n\t\t\t\t<div class=\"elementor-widget-container\">\n\t\t\t\t\t\t\t<div class=\"elementor-divider\">\n\t\t\t<span class=\"elementor-divider-separator\">\n\t\t\t\t\t\t<\/span>\n\t\t<\/div>\n\t\t\t\t\t\t<\/div>\n\t\t\t\t<\/div>\n\t\t<div class=\"elementor-element elementor-element-27c1fdd e-grid e-con-boxed e-con e-parent\" data-id=\"27c1fdd\" data-element_type=\"container\" data-e-type=\"container\">\n\t\t\t\t\t<div class=\"e-con-inner\">\n\t\t\t\t<div class=\"elementor-element elementor-element-22cdba9 elementor-widget elementor-widget-text-editor\" data-id=\"22cdba9\" data-element_type=\"widget\" data-e-type=\"widget\" data-widget_type=\"text-editor.default\">\n\t\t\t\t<div class=\"elementor-widget-container\">\n\t\t\t\t\t\t\t\t\t<p>\u2022 12 x tractor with semi-trailer<br \/>Dimensions: loading length 13.60 m, width 2.50 m, height 2.75 m<br \/>Volume: 92 m3<br \/>Carrying capacity: 24-26 t<\/p><p>\u2022 1 x tractor with MEGA semi-trailer<br \/>Dimensions: length 13.60m x width 2.48m x height 3m.<br \/>Capacity: 25 tons, 33 euro pallets<br \/>Capacity: 100 m3<\/p>\t\t\t\t\t\t\t\t<\/div>\n\t\t\t\t<\/div>\n\t\t\t\t<div class=\"elementor-element elementor-element-3abc9d0 elementor-widget elementor-widget-text-editor\" data-id=\"3abc9d0\" data-element_type=\"widget\" data-e-type=\"widget\" data-widget_type=\"text-editor.default\">\n\t\t\t\t<div class=\"elementor-widget-container\">\n\t\t\t\t\t\t\t\t\t<p>\u2022 5 x solo truck with loading\/unloading ramp<br \/>Dimensions: length 7.20 \u00d7 width 2.45 \u00d7 height 2.70 m<br \/>Capacity: 18 euro pallets<br \/>Capacity: 45 m3<\/p><p>\u2022 1 x van<br \/>Dimensions: length 4 \u00d7 width 1.80 \u00d7 height 1.90 m<br \/>Capacity: 6 euro pallets<br \/>Capacity: 14 m3<\/p><p>\u2022 1 x light truck with a capacity of up to 600 kg<\/p>\t\t\t\t\t\t\t\t<\/div>\n\t\t\t\t<\/div>\n\t\t\t\t\t<\/div>\n\t\t\t\t<\/div>\n\t\t\t\t<div class=\"elementor-element elementor-element-975ca7c elementor-widget elementor-widget-logistikservice\" data-id=\"975ca7c\" data-element_type=\"widget\" data-e-type=\"widget\" data-widget_type=\"logistikservice.default\">\n\t\t\t\t<div class=\"elementor-widget-container\">\n\t\t\t\t\t\r\n        \t\t\t<div class=\"feature-grid-wrap\">\r\n\t\t\t\t                <div class=\"feature-grid th-wrap\">\r\n                    <div class=\"feature-grid_icon\">\r\n\t\t\t\t\t\t<img decoding=\"async\" src=\"https:\/\/gssped.com\/wp-content\/uploads\/2023\/04\/feature_2_1.svg\" alt=\"feature_2_1\"  \/>                    <\/div>\r\n                    <div>\r\n                        <h3 class=\"feature-grid_title th-title\">Quick and easy<\/h3>\r\n                        <p class=\"feature-grid_text th-desc\">Fill out the form and receive offers by email. No stress and no phone calls.<\/p>\r\n                    <\/div>\r\n                <\/div>\r\n\t\t\t\t                <div class=\"feature-grid th-wrap\">\r\n                    <div class=\"feature-grid_icon\">\r\n\t\t\t\t\t\t<img decoding=\"async\" src=\"https:\/\/gssped.com\/wp-content\/uploads\/2023\/04\/feature_2_3.svg\" alt=\"feature_2_3\"  \/>                    <\/div>\r\n                    <div>\r\n                        <h3 class=\"feature-grid_title th-title\">Transportation tracking<\/h3>\r\n                        <p class=\"feature-grid_text th-desc\">At any time, we provide you with information about the location of the transport that is in progress.<\/p>\r\n                    <\/div>\r\n                <\/div>\r\n\t\t\t\t                <div class=\"feature-grid th-wrap\">\r\n                    <div class=\"feature-grid_icon\">\r\n\t\t\t\t\t\t<img decoding=\"async\" src=\"https:\/\/gssped.com\/wp-content\/uploads\/2023\/04\/feature_2_4.svg\" alt=\"feature_2_4\"  \/>                    <\/div>\r\n                    <div>\r\n                        <h3 class=\"feature-grid_title th-title\">24\/7 customer support<\/h3>\r\n                        <p class=\"feature-grid_text th-desc\">You need help? Write us an e-mail or call us. We are here to help you.<\/p>\r\n                    <\/div>\r\n                <\/div>\r\n\t\t\t\t            <\/div>\r\n\r\n\t\t\t\t\t\t<\/div>\n\t\t\t\t<\/div>\n\t\t\t\t\t<\/div>\n\t\t<\/div>\n\t\t\t\t\t<\/div>\n\t\t<\/section>\n\t\t\t\t<\/div>","protected":false},"excerpt":{"rendered":"<p>GSSPED Vozni park Vode\u0107i ra\u010duna o potrebama na\u0161ih klijenata, na\u0161 vozni park formirali smo tako da smo u mogu\u0107nosti ispuniti sve zahtjeve za cestovnim prijevozom robe.Danas posjedujemo 13 teglja\u010da sa poluprikolicama, 5 solo kamiona sa utovarnim rampama, jedno kombi vozilo i jedno dostavno koji zadovoljavaju najvi\u0161e standarde o za\u0161titi okoli\u0161a. Odr\u017eivi razvoj i za\u0161tita okoli\u0161a&#8230;<\/p>","protected":false},"author":2,"featured_media":0,"parent":0,"menu_order":0,"comment_status":"closed","ping_status":"closed","template":"","meta":{"footnotes":""},"class_list":["post-3349","page","type-page","status-publish","hentry"],"_links":{"self":[{"href":"https:\/\/gssped.com\/en\/wp-json\/wp\/v2\/pages\/3349","targetHints":{"allow":["GET"]}}],"collection":[{"href":"https:\/\/gssped.com\/en\/wp-json\/wp\/v2\/pages"}],"about":[{"href":"https:\/\/gssped.com\/en\/wp-json\/wp\/v2\/types\/page"}],"author":[{"embeddable":true,"href":"https:\/\/gssped.com\/en\/wp-json\/wp\/v2\/users\/2"}],"replies":[{"embeddable":true,"href":"https:\/\/gssped.com\/en\/wp-json\/wp\/v2\/comments?post=3349"}],"version-history":[{"count":25,"href":"https:\/\/gssped.com\/en\/wp-json\/wp\/v2\/pages\/3349\/revisions"}],"predecessor-version":[{"id":3438,"href":"https:\/\/gssped.com\/en\/wp-json\/wp\/v2\/pages\/3349\/revisions\/3438"}],"wp:attachment":[{"href":"https:\/\/gssped.com\/en\/wp-json\/wp\/v2\/media?parent=3349"}],"curies":[{"name":"wp","href":"https:\/\/api.w.org\/{rel}","templated":true}]}}